{"id":690,"date":"2017-10-01T17:45:46","date_gmt":"2017-10-01T16:45:46","guid":{"rendered":"http:\/\/www.italtourist.com\/?page_id=690"},"modified":"2020-01-13T01:25:58","modified_gmt":"2020-01-13T00:25:58","slug":"emilia-romagna","status":"publish","type":"page","link":"https:\/\/www.italtourist.com\/en\/emilia-romagna\/","title":{"rendered":"Emilia Romagna"},"content":{"rendered":"<p>[et_pb_section bb_built=&#8221;1&#8243; fullwidth=&#8221;on&#8221; specialty=&#8221;off&#8221; _builder_version=&#8221;3.0.71&#8243; next_background_color=&#8221;#000000&#8243; inner_width=&#8221;auto&#8221; inner_max_width=&#8221;none&#8221;][et_pb_fullwidth_slider _builder_version=&#8221;3.0.71&#8243; show_arrows=&#8221;on&#8221; show_pagination=&#8221;on&#8221; parallax=&#8221;off&#8221; parallax_method=&#8221;off&#8221; remove_inner_shadow=&#8221;off&#8221; custom_button=&#8221;on&#8221; button_letter_spacing=&#8221;0&#8243; button_icon_placement=&#8221;right&#8221; button_letter_spacing_hover=&#8221;0&#8243; auto=&#8221;on&#8221; auto_ignore_hover=&#8221;on&#8221; hide_content_on_mobile=&#8221;off&#8221; hide_cta_on_mobile=&#8221;off&#8221; show_image_video_mobile=&#8221;off&#8221; auto_speed=&#8221;5000&#8243; custom_css_slide_arrows=&#8221;font-size: 90px;&#8221; button_text_color=&#8221;#ffffff&#8221; button_bg_color=&#8221;rgba(0,146,70,0.63)&#8221; button_border_color=&#8221;#009246&#8243; header_font=&#8221;Lato|on||on|&#8221; header_font_size=&#8221;75&#8243; button_text_size=&#8221;17&#8243; button_font=&#8221;|on||on|&#8221; button_use_icon=&#8221;on&#8221; button_icon=&#8221;%%22%%&#8221; button_on_hover=&#8221;off&#8221; header_font_size_tablet=&#8221;55&#8243; header_font_size_phone=&#8221;33&#8243; header_font_size_last_edited=&#8221;on|phone&#8221; custom_padding=&#8221;|||&#8221; custom_padding_tablet=&#8221;|||&#8221; custom_padding_phone=&#8221;|||&#8221; show_inner_shadow=&#8221;on&#8221; show_content_on_mobile=&#8221;on&#8221; show_cta_on_mobile=&#8221;on&#8221; box_shadow_horizontal=&#8221;0px&#8221; box_shadow_vertical=&#8221;0px&#8221; box_shadow_blur=&#8221;10px&#8221; box_shadow_spread=&#8221;0px&#8221; box_shadow_position=&#8221;inner&#8221; box_shadow_color=&#8221;rgba(0,0,0,0.1)&#8221; box_shadow_style=&#8221;preset6&#8243; button_text_size__hover_enabled=&#8221;off&#8221; button_text_size__hover=&#8221;null&#8221; button_one_text_size__hover_enabled=&#8221;off&#8221; button_one_text_size__hover=&#8221;null&#8221; button_two_text_size__hover_enabled=&#8221;off&#8221; button_two_text_size__hover=&#8221;null&#8221; button_text_color__hover_enabled=&#8221;off&#8221; button_text_color__hover=&#8221;null&#8221; button_one_text_color__hover_enabled=&#8221;off&#8221; button_one_text_color__hover=&#8221;null&#8221; button_two_text_color__hover_enabled=&#8221;off&#8221; button_two_text_color__hover=&#8221;null&#8221; button_border_width__hover_enabled=&#8221;off&#8221; button_border_width__hover=&#8221;null&#8221; button_one_border_width__hover_enabled=&#8221;off&#8221; button_one_border_width__hover=&#8221;null&#8221; button_two_border_width__hover_enabled=&#8221;off&#8221; button_two_border_width__hover=&#8221;null&#8221; button_border_color__hover_enabled=&#8221;off&#8221; button_border_color__hover=&#8221;null&#8221; button_one_border_color__hover_enabled=&#8221;off&#8221; button_one_border_color__hover=&#8221;null&#8221; button_two_border_color__hover_enabled=&#8221;off&#8221; button_two_border_color__hover=&#8221;null&#8221; button_border_radius__hover_enabled=&#8221;off&#8221; button_border_radius__hover=&#8221;null&#8221; button_one_border_radius__hover_enabled=&#8221;off&#8221; button_one_border_radius__hover=&#8221;null&#8221; button_two_border_radius__hover_enabled=&#8221;off&#8221; button_two_border_radius__hover=&#8221;null&#8221; button_letter_spacing__hover_enabled=&#8221;on&#8221; button_letter_spacing__hover=&#8221;0&#8243; button_one_letter_spacing__hover_enabled=&#8221;off&#8221; button_one_letter_spacing__hover=&#8221;null&#8221; button_two_letter_spacing__hover_enabled=&#8221;off&#8221; button_two_letter_spacing__hover=&#8221;null&#8221; button_bg_color__hover_enabled=&#8221;off&#8221; button_bg_color__hover=&#8221;null&#8221; button_one_bg_color__hover_enabled=&#8221;off&#8221; button_one_bg_color__hover=&#8221;null&#8221; button_two_bg_color__hover_enabled=&#8221;off&#8221; button_two_bg_color__hover=&#8221;null&#8221;][et_pb_slide heading=&#8221;Emilia Romagna&#8221; background_color=&#8221;#ffffff&#8221; use_background_color_gradient=&#8221;off&#8221; background_color_gradient_start=&#8221;#2b87da&#8221; background_color_gradient_end=&#8221;#29c4a9&#8243; background_color_gradient_type=&#8221;linear&#8221; background_color_gradient_direction=&#8221;180deg&#8221; background_color_gradient_direction_radial=&#8221;center&#8221; background_color_gradient_start_position=&#8221;0%&#8221; background_color_gradient_end_position=&#8221;100%&#8221; background_image=&#8221;https:\/\/www.italtourist.com\/wp-content\/uploads\/2017\/10\/Emiglio-romana.jpg&#8221; parallax=&#8221;off&#8221; parallax_method=&#8221;off&#8221; background_position=&#8221;center&#8221; background_size=&#8221;cover&#8221; background_repeat=&#8221;no-repeat&#8221; background_blend=&#8221;normal&#8221; allow_player_pause=&#8221;off&#8221; use_bg_overlay=&#8221;off&#8221; use_text_overlay=&#8221;off&#8221; text_border_radius=&#8221;3&#8243; alignment=&#8221;center&#8221; background_layout=&#8221;dark&#8221; header_font_select=&#8221;default&#8221; header_font=&#8221;||||&#8221; body_font_select=&#8221;default&#8221; body_font=&#8221;||||&#8221; custom_button=&#8221;off&#8221; button_font_select=&#8221;default&#8221; button_font=&#8221;||||&#8221; button_use_icon=&#8221;default&#8221; button_icon_placement=&#8221;right&#8221; button_on_hover=&#8221;on&#8221; \/][\/et_pb_fullwidth_slider][\/et_pb_section][et_pb_section bb_built=&#8221;1&#8243; fullwidth=&#8221;off&#8221; specialty=&#8221;off&#8221; _builder_version=&#8221;3.0.71&#8243; prev_background_color=&#8221;#000000&#8243; next_background_color=&#8221;#000000&#8243; inner_width=&#8221;auto&#8221; inner_max_width=&#8221;none&#8221;][et_pb_row _builder_version=&#8221;3.0.71&#8243; background_repeat_1=&#8221;no-repeat&#8221; module_class=&#8221;sixblurbs et_pb_row_fullwidth et_pb_row_fullwidth et_pb_row_fullwidth&#8221; make_fullwidth=&#8221;on&#8221; use_custom_gutter=&#8221;on&#8221; gutter_width=&#8221;2&#8243; width=&#8221;94%&#8221; width_tablet=&#8221;80%&#8221; width_last_edited=&#8221;on|desktop&#8221; max_width=&#8221;94%&#8221; max_width_tablet=&#8221;80%&#8221; max_width_last_edited=&#8221;on|desktop&#8221;][et_pb_column type=&#8221;4_4&#8243;][et_pb_blurb admin_label=&#8221;Bellaria&#8221; _builder_version=&#8221;3.0.71&#8243; title=&#8221;Bellaria&#8221; url_new_window=&#8221;off&#8221; use_icon=&#8221;off&#8221; image=&#8221;https:\/\/www.italtourist.com\/wp-content\/uploads\/2017\/10\/Bellaria.jpg&#8221; use_circle=&#8221;off&#8221; use_circle_border=&#8221;off&#8221; icon_placement=&#8221;top&#8221; use_icon_font_size=&#8221;off&#8221; background_layout=&#8221;light&#8221; header_font=&#8221;|on||on|&#8221; border_style=&#8221;solid&#8221; animation=&#8221;top&#8221; text_orientation=&#8221;center&#8221; url=&#8221;https:\/\/www.italtourist.com\/lokalita\/emilia-romagna\/bellaria\/&#8221; image_max_width=&#8221;none&#8221; \/][et_pb_blurb admin_label=&#8221;Bellaria&#8221; _builder_version=&#8221;3.0.71&#8243; title=&#8221;Bellariva&#8221; url_new_window=&#8221;off&#8221; use_icon=&#8221;off&#8221; image=&#8221;https:\/\/www.italtourist.com\/wp-content\/uploads\/2017\/09\/MARINA-DI-GROSSETO.jpg&#8221; use_circle=&#8221;off&#8221; use_circle_border=&#8221;off&#8221; icon_placement=&#8221;top&#8221; use_icon_font_size=&#8221;off&#8221; background_layout=&#8221;light&#8221; header_font=&#8221;|on||on|&#8221; border_style=&#8221;solid&#8221; animation=&#8221;top&#8221; text_orientation=&#8221;center&#8221; url=&#8221;https:\/\/www.italtourist.com\/lokalita\/emilia-romagna\/bellariva\/&#8221; image_max_width=&#8221;none&#8221; \/][et_pb_blurb admin_label=&#8221;Cesenatico&#8221; _builder_version=&#8221;3.0.71&#8243; title=&#8221;Cesenatico&#8221; url_new_window=&#8221;off&#8221; use_icon=&#8221;off&#8221; image=&#8221;https:\/\/www.italtourist.com\/wp-content\/uploads\/2017\/10\/CEsenatico.jpg&#8221; use_circle=&#8221;off&#8221; use_circle_border=&#8221;off&#8221; icon_placement=&#8221;top&#8221; use_icon_font_size=&#8221;off&#8221; background_layout=&#8221;light&#8221; header_font=&#8221;|on||on|&#8221; border_style=&#8221;solid&#8221; animation=&#8221;top&#8221; text_orientation=&#8221;center&#8221; url=&#8221;https:\/\/www.italtourist.com\/lokalita\/emilia-romagna\/cesenatico\/&#8221; image_max_width=&#8221;none&#8221; \/][et_pb_blurb admin_label=&#8221;Cattolica&#8221; _builder_version=&#8221;3.0.71&#8243; title=&#8221;Cattolica&#8221; url_new_window=&#8221;off&#8221; use_icon=&#8221;off&#8221; image=&#8221;https:\/\/www.italtourist.com\/wp-content\/uploads\/2017\/10\/cattolica.png&#8221; use_circle=&#8221;off&#8221; use_circle_border=&#8221;off&#8221; icon_placement=&#8221;top&#8221; use_icon_font_size=&#8221;off&#8221; background_layout=&#8221;light&#8221; header_font=&#8221;|on||on|&#8221; border_style=&#8221;solid&#8221; animation=&#8221;top&#8221; text_orientation=&#8221;center&#8221; url=&#8221;https:\/\/www.italtourist.com\/lokalita\/emilia-romagna\/cattolica\/&#8221; image_max_width=&#8221;none&#8221; \/][et_pb_blurb admin_label=&#8221;CERVIA&#8221; _builder_version=&#8221;3.0.106&#8243; title=&#8221;CERVIA&#8221; url_new_window=&#8221;off&#8221; use_icon=&#8221;off&#8221; image=&#8221;https:\/\/www.italtourist.com\/wp-content\/uploads\/2018\/11\/CERVIA.png&#8221; use_circle=&#8221;off&#8221; use_circle_border=&#8221;off&#8221; icon_placement=&#8221;top&#8221; use_icon_font_size=&#8221;off&#8221; background_layout=&#8221;light&#8221; header_font=&#8221;|on||on|&#8221; text_orientation=&#8221;center&#8221; url=&#8221;https:\/\/www.italtourist.com\/lokalita\/emilia-romagna\/cervia\/&#8221; max_width_tablet=&#8221;50px&#8221; \/][et_pb_blurb admin_label=&#8221;IGEA&#8221; _builder_version=&#8221;3.0.106&#8243; title=&#8221;IGEA MARINA&#8221; url_new_window=&#8221;off&#8221; use_icon=&#8221;off&#8221; image=&#8221;https:\/\/www.italtourist.com\/wp-content\/uploads\/2018\/11\/igea-marina.jpg&#8221; use_circle=&#8221;off&#8221; use_circle_border=&#8221;off&#8221; icon_placement=&#8221;top&#8221; use_icon_font_size=&#8221;off&#8221; background_layout=&#8221;light&#8221; header_font=&#8221;|on||on|&#8221; text_orientation=&#8221;center&#8221; url=&#8221;https:\/\/www.italtourist.com\/lokalita\/emilia-romagna\/igea-marina\/&#8221; max_width_tablet=&#8221;50px&#8221; \/][et_pb_blurb admin_label=&#8221;LIDO ESTENSI &#8221; _builder_version=&#8221;3.0.71&#8243; title=&#8221;LIDO ESTENSI &#8221; url_new_window=&#8221;off&#8221; use_icon=&#8221;off&#8221; image=&#8221;https:\/\/www.italtourist.com\/wp-content\/uploads\/2017\/10\/lido-estenci.jpg&#8221; use_circle=&#8221;off&#8221; use_circle_border=&#8221;off&#8221; icon_placement=&#8221;top&#8221; use_icon_font_size=&#8221;off&#8221; background_layout=&#8221;light&#8221; header_font=&#8221;|on||on|&#8221; border_style=&#8221;solid&#8221; animation=&#8221;top&#8221; text_orientation=&#8221;center&#8221; url=&#8221;https:\/\/www.italtourist.com\/lokalita\/emilia-romagna\/lido-estensi\/&#8221; image_max_width=&#8221;none&#8221; \/][et_pb_blurb admin_label=&#8221;MILANO MARITTIMA&#8221; _builder_version=&#8221;3.0.106&#8243; title=&#8221;MILANO MARITTIMA&#8221; url_new_window=&#8221;off&#8221; use_icon=&#8221;off&#8221; image=&#8221;https:\/\/www.italtourist.com\/wp-content\/uploads\/2018\/11\/milano-marittima-1.jpg&#8221; use_circle=&#8221;off&#8221; use_circle_border=&#8221;off&#8221; icon_placement=&#8221;top&#8221; use_icon_font_size=&#8221;off&#8221; background_layout=&#8221;light&#8221; header_font=&#8221;|on||on|&#8221; text_orientation=&#8221;center&#8221; url=&#8221;https:\/\/www.italtourist.com\/lokalita\/emilia-romagna\/milano-marittima\/&#8221; max_width_tablet=&#8221;50px&#8221; custom_css_blurb_image=&#8221;border-radius:50%;&#8221; \/][et_pb_blurb admin_label=&#8221;MARINA DI RAVENNA&#8221; _builder_version=&#8221;3.0.71&#8243; title=&#8221;MARINA DI RAVENNA&#8221; url_new_window=&#8221;off&#8221; use_icon=&#8221;off&#8221; image=&#8221;https:\/\/www.italtourist.com\/wp-content\/uploads\/2017\/10\/marinadiravena.jpg&#8221; use_circle=&#8221;off&#8221; use_circle_border=&#8221;off&#8221; icon_placement=&#8221;top&#8221; use_icon_font_size=&#8221;off&#8221; background_layout=&#8221;light&#8221; header_font=&#8221;|on||on|&#8221; border_style=&#8221;solid&#8221; animation=&#8221;top&#8221; text_orientation=&#8221;center&#8221; url=&#8221;https:\/\/www.italtourist.com\/lokalita\/emilia-romagna\/marina-di-ravenna\/&#8221; image_max_width=&#8221;none&#8221; \/][et_pb_blurb admin_label=&#8221;PORTO GARIBALDI &#8221; _builder_version=&#8221;3.0.106&#8243; title=&#8221;PORTO GARIBALDI &#8221; url_new_window=&#8221;off&#8221; use_icon=&#8221;off&#8221; image=&#8221;https:\/\/www.italtourist.com\/wp-content\/uploads\/2017\/10\/porto-gariba.jpg&#8221; use_circle=&#8221;off&#8221; use_circle_border=&#8221;off&#8221; icon_placement=&#8221;top&#8221; use_icon_font_size=&#8221;off&#8221; background_layout=&#8221;light&#8221; header_font=&#8221;|on||on|&#8221; text_orientation=&#8221;center&#8221; url=&#8221;https:\/\/www.italtourist.com\/lokalita\/emilia-romagna\/porto-garibaldi\/&#8221; max_width_tablet=&#8221;50px&#8221; \/][et_pb_blurb admin_label=&#8221;Riccione&#8221; _builder_version=&#8221;3.0.71&#8243; title=&#8221;Riccione&#8221; url_new_window=&#8221;off&#8221; use_icon=&#8221;off&#8221; image=&#8221;https:\/\/www.italtourist.com\/wp-content\/uploads\/2017\/09\/Riccione.jpg&#8221; use_circle=&#8221;off&#8221; use_circle_border=&#8221;off&#8221; icon_placement=&#8221;top&#8221; use_icon_font_size=&#8221;off&#8221; background_layout=&#8221;light&#8221; header_font=&#8221;|on||on|&#8221; border_style=&#8221;solid&#8221; animation=&#8221;top&#8221; text_orientation=&#8221;center&#8221; url=&#8221;https:\/\/www.italtourist.com\/lokalita\/emilia-romagna\/riccione\/&#8221; image_max_width=&#8221;none&#8221; \/][et_pb_blurb admin_label=&#8221;Rimini&#8221; _builder_version=&#8221;3.0.71&#8243; title=&#8221;Rimini Marina Centro&#8221; url_new_window=&#8221;off&#8221; use_icon=&#8221;off&#8221; image=&#8221;https:\/\/www.italtourist.com\/wp-content\/uploads\/2017\/10\/rimini-cat.png&#8221; use_circle=&#8221;off&#8221; use_circle_border=&#8221;off&#8221; icon_placement=&#8221;top&#8221; use_icon_font_size=&#8221;off&#8221; background_layout=&#8221;light&#8221; header_font=&#8221;|on||on|&#8221; border_style=&#8221;solid&#8221; animation=&#8221;top&#8221; text_orientation=&#8221;center&#8221; url=&#8221;https:\/\/www.italtourist.com\/lokalita\/emilia-romagna\/rimini-marina-centro\/&#8221; image_max_width=&#8221;none&#8221; \/][et_pb_blurb admin_label=&#8221;RIMINI MIRAMARE&#8221; _builder_version=&#8221;3.0.71&#8243; title=&#8221;RIMINI MIRAMARE&#8221; url_new_window=&#8221;off&#8221; use_icon=&#8221;off&#8221; image=&#8221;https:\/\/www.italtourist.com\/wp-content\/uploads\/2017\/10\/bibione.jpg&#8221; use_circle=&#8221;off&#8221; use_circle_border=&#8221;off&#8221; icon_placement=&#8221;top&#8221; use_icon_font_size=&#8221;off&#8221; background_layout=&#8221;light&#8221; header_font=&#8221;|on||on|&#8221; border_style=&#8221;solid&#8221; animation=&#8221;top&#8221; text_orientation=&#8221;center&#8221; url=&#8221;https:\/\/www.italtourist.com\/lokalita\/emilia-romagna\/rimini-miramare\/&#8221; image_max_width=&#8221;none&#8221; \/][et_pb_blurb admin_label=&#8221;RIVABELLA DI RIMINI&#8221; _builder_version=&#8221;3.0.71&#8243; title=&#8221;RIVABELLA DI RIMINI&#8221; url_new_window=&#8221;off&#8221; use_icon=&#8221;off&#8221; image=&#8221;https:\/\/www.italtourist.com\/wp-content\/uploads\/2017\/10\/RIVABELLA-DI-RIMINI.png&#8221; use_circle=&#8221;off&#8221; use_circle_border=&#8221;off&#8221; icon_placement=&#8221;top&#8221; use_icon_font_size=&#8221;off&#8221; background_layout=&#8221;light&#8221; header_font=&#8221;|on||on|&#8221; border_style=&#8221;solid&#8221; animation=&#8221;top&#8221; text_orientation=&#8221;center&#8221; url=&#8221;https:\/\/www.italtourist.com\/lokalita\/emilia-romagna\/rivabella-di-rimini\/&#8221; image_max_width=&#8221;none&#8221; \/][et_pb_blurb admin_label=&#8221;RIMINI MAREBELLO&#8221; _builder_version=&#8221;3.22.4&#8243; title=&#8221;RIMINI MAREBELLO&#8221; image=&#8221;https:\/\/www.italtourist.com\/wp-content\/uploads\/2017\/09\/MARINA-DI-PIETRASANTA.jpg&#8221; header_font=&#8221;|on||on|&#8221; text_orientation=&#8221;center&#8221; url=&#8221;https:\/\/www.italtourist.com\/lokalita\/emilia-romagna\/rimini-marebello\/&#8221; image_max_width=&#8221;none&#8221; text_shadow_horizontal_length=&#8221;text_shadow_style,%91object Object%93&#8243; text_shadow_vertical_length=&#8221;text_shadow_style,%91object Object%93&#8243; text_shadow_blur_strength=&#8221;text_shadow_style,%91object Object%93&#8243; header_text_shadow_horizontal_length=&#8221;header_text_shadow_style,%91object Object%93&#8243; header_text_shadow_vertical_length=&#8221;header_text_shadow_style,%91object Object%93&#8243; header_text_shadow_blur_strength=&#8221;header_text_shadow_style,%91object Object%93&#8243; body_text_shadow_horizontal_length=&#8221;body_text_shadow_style,%91object Object%93&#8243; body_text_shadow_vertical_length=&#8221;body_text_shadow_style,%91object Object%93&#8243; body_text_shadow_blur_strength=&#8221;body_text_shadow_style,%91object Object%93&#8243; max_width_tablet=&#8221;50px&#8221; z_index_tablet=&#8221;500&#8243; \/][et_pb_blurb admin_label=&#8221;Rivazzurra&#8221; _builder_version=&#8221;3.22.4&#8243; title=&#8221;RIVAZZURRA&#8221; image=&#8221;https:\/\/www.italtourist.com\/wp-content\/uploads\/2017\/10\/rivizera.png&#8221; header_font=&#8221;|on||on|&#8221; text_orientation=&#8221;center&#8221; url=&#8221;https:\/\/www.italtourist.com\/lokalita\/emilia-romagna\/rivazzurra\/&#8221; image_max_width=&#8221;none&#8221; text_shadow_horizontal_length=&#8221;text_shadow_style,%91object Object%93&#8243; text_shadow_vertical_length=&#8221;text_shadow_style,%91object Object%93&#8243; text_shadow_blur_strength=&#8221;text_shadow_style,%91object Object%93&#8243; header_text_shadow_horizontal_length=&#8221;header_text_shadow_style,%91object Object%93&#8243; header_text_shadow_vertical_length=&#8221;header_text_shadow_style,%91object Object%93&#8243; header_text_shadow_blur_strength=&#8221;header_text_shadow_style,%91object Object%93&#8243; body_text_shadow_horizontal_length=&#8221;body_text_shadow_style,%91object Object%93&#8243; body_text_shadow_vertical_length=&#8221;body_text_shadow_style,%91object Object%93&#8243; body_text_shadow_blur_strength=&#8221;body_text_shadow_style,%91object Object%93&#8243; max_width_tablet=&#8221;50px&#8221; z_index_tablet=&#8221;500&#8243; \/][et_pb_blurb admin_label=&#8221;TORRE PEDRERA&#8221; _builder_version=&#8221;3.0.71&#8243; title=&#8221;TORRE PEDRERA&#8221; url_new_window=&#8221;off&#8221; use_icon=&#8221;off&#8221; image=&#8221;https:\/\/www.italtourist.com\/wp-content\/uploads\/2017\/10\/TORREPEDRERA.png&#8221; use_circle=&#8221;off&#8221; use_circle_border=&#8221;off&#8221; icon_placement=&#8221;top&#8221; use_icon_font_size=&#8221;off&#8221; background_layout=&#8221;light&#8221; header_font=&#8221;|on||on|&#8221; border_style=&#8221;solid&#8221; animation=&#8221;top&#8221; text_orientation=&#8221;center&#8221; url=&#8221;https:\/\/www.italtourist.com\/lokalita\/emilia-romagna\/torre-pedrera\/&#8221; image_max_width=&#8221;none&#8221; \/][et_pb_blurb admin_label=&#8221;Viserba&#8221; _builder_version=&#8221;3.0.71&#8243; title=&#8221;VISERBA&#8221; url_new_window=&#8221;off&#8221; use_icon=&#8221;off&#8221; image=&#8221;https:\/\/www.italtourist.com\/wp-content\/uploads\/2017\/10\/universal.jpg&#8221; use_circle=&#8221;off&#8221; use_circle_border=&#8221;off&#8221; icon_placement=&#8221;top&#8221; use_icon_font_size=&#8221;off&#8221; background_layout=&#8221;light&#8221; header_font=&#8221;|on||on|&#8221; border_style=&#8221;solid&#8221; animation=&#8221;top&#8221; text_orientation=&#8221;center&#8221; url=&#8221;https:\/\/www.italtourist.com\/lokalita\/emilia-romagna\/viserba\/&#8221; body_font=&#8221;|on|||&#8221; image_max_width=&#8221;none&#8221; \/][\/et_pb_column][\/et_pb_row][\/et_pb_section][et_pb_section bb_built=&#8221;1&#8243; fullwidth=&#8221;off&#8221; specialty=&#8221;off&#8221; _builder_version=&#8221;3.0.71&#8243; custom_padding=&#8221;0px|||&#8221; prev_background_color=&#8221;#000000&#8243; inner_width=&#8221;auto&#8221; inner_max_width=&#8221;none&#8221;][et_pb_row][et_pb_column type=&#8221;4_4&#8243;][et_pb_text _builder_version=&#8221;3.0.71&#8243; background_layout=&#8221;light&#8221; text_orientation=&#8221;justified&#8221; border_style=&#8221;solid&#8221; custom_margin=&#8221;0px|||&#8221; custom_padding=&#8221;10px|||&#8221;]<\/p>\n<p>\nTraduje se, \u017ee \u00fapln\u011b prvn\u00edm turisty v\u00a0tomto dnes velmi dob\u0159e zn\u00e1m\u00e9m italsk\u00e9m regionu byli pr\u00e1v\u011b \u010ce\u0161i, kte\u0159\u00ed sem jezdili na za\u010d\u00e1tku 20. stolet\u00ed na ozdravn\u00e9 pobyty a za odpo\u010dinkem. Emilia Romagna a jej\u00ed pob\u0159e\u017e\u00ed nejsou jen \u0161irok\u00e9 p\u00edse\u010dn\u00e9 pl\u00e1\u017ee, m\u00edrn\u011b se sva\u017euj\u00edc\u00ed mo\u0159e a bohat\u00fd ve\u010dern\u00ed a no\u010dn\u00ed \u017eivot, ale tak\u00e9 m\u011bsta s\u00a0bohatou histori\u00ed, jako jsou Ravenna, Bologna, Modena, Ferrara, Parma a mnoho dal\u0161\u00edch. V\u00a0kopc\u00edch Apenin za pob\u0159e\u017e\u00edm se rozprost\u00edraj\u00ed p\u016fvabn\u00e1 z\u00e1kout\u00ed m\u011bste\u010dek se st\u0159edov\u011bk\u00fdmi hrady vybudovan\u00fdmi na sk\u00e1le a l\u00e1zn\u011b, na severu pak P\u00e1dsk\u00e1 n\u00ed\u017eina s\u00a0bohatou faunou a fl\u00f3rou. Region je ale vyhl\u00e1\u0161en\u00fd i sv\u00fdmi kulin\u00e1\u0159sk\u00fdmi specialitami \u2013 snad ka\u017ed\u00fd v\u00a0\u017eivot\u011b ochutnal parmez\u00e1n, vaje\u010dn\u00e9 t\u011bstoviny, parmsk\u00fd pr\u0161ut, balzamikov\u00fd ocet \u010di piadinu (typickou m\u00edstn\u00ed placku pln\u011bnou nejr\u016fzn\u011bj\u0161\u00edmi p\u0159\u00edsadami). Pro milovn\u00edky ryb a plod\u016f mo\u0159e nab\u00edz\u00ed region i mno\u017estv\u00ed mo\u0159sk\u00fdch specialit. A kdo by neznal Lambrusco, typick\u00e9 \u010derven\u00e9 \u0161umiv\u00e9 v\u00edno? Ov\u0161em na sv\u00e9 si zde p\u0159ijdou i vyznava\u010di horsk\u00e9 turistiky, cykloturistiky \u010di automobilov\u00fdch z\u00e1vod\u016f (Lamborghini a Ferrari, okruh F1 v\u00a0Imola). Kdo ocen\u00ed levn\u00e9 n\u00e1kupy, zcela jist\u011b si nenech\u00e1 uj\u00edt v\u00fdlet do San Marina \u2013 nez\u00e1visl\u00e9 republiky s\u00a0bohatou histori\u00ed ale i bezceln\u00ed z\u00f3nou \u2013 \u010di do n\u011bkter\u00fdch z\u00a0vyhl\u00e1\u0161en\u00fdch outlet\u016f.<\/p>\n<p>V\u00edce na <a href=\"http:\/\/www.emiliaromagnaturismo.it\/it.\">http:\/\/www.emiliaromagnaturismo.it\/it.<\/a><\/p>\n<p>[\/et_pb_text][\/et_pb_column][\/et_pb_row][\/et_pb_section]<\/p>","protected":false},"excerpt":{"rendered":"<p><div class=\"et_pb_row et_pb_row_0 et_pb_row_empty\">\n\t\t\t\t\n\t\t\t\t\n\t\t\t\t\n\t\t\t\t\n\t\t\t\t\n\t\t\t<\/div> Traduje se, \u017ee \u00fapln\u011b prvn\u00edm turisty v\u00a0tomto dnes velmi dob\u0159e zn\u00e1m\u00e9m italsk\u00e9m regionu byli pr\u00e1v\u011b \u010ce\u0161i, kte\u0159\u00ed sem jezdili na za\u010d\u00e1tku 20. stolet\u00ed na ozdravn\u00e9 pobyty a za odpo\u010dinkem. Emilia Romagna a jej\u00ed pob\u0159e\u017e\u00ed nejsou jen \u0161irok\u00e9 p\u00edse\u010dn\u00e9 pl\u00e1\u017ee, m\u00edrn\u011b se sva\u017euj\u00edc\u00ed mo\u0159e a bohat\u00fd ve\u010dern\u00ed a no\u010dn\u00ed \u017eivot, ale tak\u00e9 m\u011bsta s\u00a0bohatou histori\u00ed, [&hellip;]<\/p>\n","protected":false},"author":1,"featured_media":0,"parent":0,"menu_order":0,"comment_status":"closed","ping_status":"closed","template":"","meta":{"_et_pb_use_builder":"on","_et_pb_old_content":"","_et_gb_content_width":"","footnotes":""},"class_list":["post-690","page","type-page","status-publish","hentry"],"_links":{"self":[{"href":"https:\/\/www.italtourist.com\/en\/wp-json\/wp\/v2\/pages\/690","targetHints":{"allow":["GET"]}}],"collection":[{"href":"https:\/\/www.italtourist.com\/en\/wp-json\/wp\/v2\/pages"}],"about":[{"href":"https:\/\/www.italtourist.com\/en\/wp-json\/wp\/v2\/types\/page"}],"author":[{"embeddable":true,"href":"https:\/\/www.italtourist.com\/en\/wp-json\/wp\/v2\/users\/1"}],"replies":[{"embeddable":true,"href":"https:\/\/www.italtourist.com\/en\/wp-json\/wp\/v2\/comments?post=690"}],"version-history":[{"count":58,"href":"https:\/\/www.italtourist.com\/en\/wp-json\/wp\/v2\/pages\/690\/revisions"}],"predecessor-version":[{"id":10890,"href":"https:\/\/www.italtourist.com\/en\/wp-json\/wp\/v2\/pages\/690\/revisions\/10890"}],"wp:attachment":[{"href":"https:\/\/www.italtourist.com\/en\/wp-json\/wp\/v2\/media?parent=690"}],"curies":[{"name":"wp","href":"https:\/\/api.w.org\/{rel}","templated":true}]}}