{"id":681,"date":"2017-10-01T16:51:37","date_gmt":"2017-10-01T15:51:37","guid":{"rendered":"http:\/\/www.italtourist.com\/?page_id=681"},"modified":"2019-04-12T16:32:05","modified_gmt":"2019-04-12T15:32:05","slug":"sardegna","status":"publish","type":"page","link":"https:\/\/www.italtourist.com\/en\/sardegna\/","title":{"rendered":"Sardegna"},"content":{"rendered":"<p>[et_pb_section bb_built=&#8221;1&#8243; fullwidth=&#8221;on&#8221; specialty=&#8221;off&#8221; _builder_version=&#8221;3.0.71&#8243;][et_pb_fullwidth_slider _builder_version=&#8221;3.0.71&#8243; show_arrows=&#8221;on&#8221; show_pagination=&#8221;on&#8221; parallax=&#8221;off&#8221; parallax_method=&#8221;off&#8221; remove_inner_shadow=&#8221;off&#8221; custom_button=&#8221;on&#8221; button_letter_spacing=&#8221;0&#8243; button_icon_placement=&#8221;right&#8221; button_letter_spacing_hover=&#8221;0&#8243; auto=&#8221;on&#8221; auto_ignore_hover=&#8221;on&#8221; hide_content_on_mobile=&#8221;off&#8221; hide_cta_on_mobile=&#8221;off&#8221; show_image_video_mobile=&#8221;off&#8221; auto_speed=&#8221;5000&#8243; custom_css_slide_arrows=&#8221;font-size: 90px;&#8221; button_text_color=&#8221;#ffffff&#8221; button_bg_color=&#8221;rgba(0,146,70,0.63)&#8221; button_border_color=&#8221;#009246&#8243; header_font=&#8221;Lato|on||on|&#8221; header_font_size=&#8221;75&#8243; button_text_size=&#8221;17&#8243; button_font=&#8221;|on||on|&#8221; button_use_icon=&#8221;on&#8221; button_icon=&#8221;%%22%%&#8221; button_on_hover=&#8221;off&#8221; header_font_size_tablet=&#8221;55&#8243; header_font_size_phone=&#8221;35&#8243; header_font_size_last_edited=&#8221;on|phone&#8221;] [et_pb_slide heading=&#8221;Sardegna&#8221; background_color=&#8221;#ffffff&#8221; use_background_color_gradient=&#8221;off&#8221; background_color_gradient_start=&#8221;#2b87da&#8221; background_color_gradient_end=&#8221;#29c4a9&#8243; background_color_gradient_type=&#8221;linear&#8221; background_color_gradient_direction=&#8221;180deg&#8221; background_color_gradient_direction_radial=&#8221;center&#8221; background_color_gradient_start_position=&#8221;0%&#8221; background_color_gradient_end_position=&#8221;100%&#8221; background_image=&#8221;https:\/\/www.italtourist.com\/wp-content\/uploads\/2017\/10\/Untitled-design-2.jpg&#8221; parallax=&#8221;off&#8221; parallax_method=&#8221;off&#8221; background_position=&#8221;center&#8221; background_size=&#8221;cover&#8221; background_repeat=&#8221;no-repeat&#8221; background_blend=&#8221;normal&#8221; allow_player_pause=&#8221;off&#8221; use_bg_overlay=&#8221;off&#8221; use_text_overlay=&#8221;off&#8221; text_border_radius=&#8221;3&#8243; alignment=&#8221;center&#8221; background_layout=&#8221;dark&#8221; header_font_select=&#8221;default&#8221; header_font=&#8221;||||&#8221; body_font_select=&#8221;default&#8221; body_font=&#8221;||||&#8221; custom_button=&#8221;off&#8221; button_font_select=&#8221;default&#8221; button_font=&#8221;||||&#8221; button_use_icon=&#8221;default&#8221; button_icon_placement=&#8221;right&#8221; button_on_hover=&#8221;on&#8221; \/] [\/et_pb_fullwidth_slider][\/et_pb_section][et_pb_section bb_built=&#8221;1&#8243; fullwidth=&#8221;off&#8221; specialty=&#8221;off&#8221;][et_pb_row][et_pb_column type=&#8221;4_4&#8243;][et_pb_contact_form admin_label=&#8221;Contact Form EN&#8221; _builder_version=&#8221;3.0.71&#8243; success_message=&#8221;D\u011bkujeme. Budeme v\u00e1s kontaktovat.&#8221; submit_button_text=&#8221;Odeslat&#8221; email=&#8221;michaela@italtourist.com&#8221; custom_message=&#8221;Po\u017eadavek na registraci. Va\u0161e odpov\u011b\u010f bude odesl\u00e1na na email tazatele.||et_pb_line_break_holder||||et_pb_line_break_holder||Jm\u00e9no: %%Name%%||et_pb_line_break_holder||CK: %%Company%%||et_pb_line_break_holder||Telefon: %%phone%%||et_pb_line_break_holder||Email: %%Email%%||et_pb_line_break_holder||Zpr\u00e1va: %%Message%%&#8221; captcha=&#8221;on&#8221; use_redirect=&#8221;off&#8221; input_border_radius=&#8221;0&#8243; border_style=&#8221;solid&#8221; custom_button=&#8221;on&#8221; button_letter_spacing=&#8221;0&#8243; button_icon_placement=&#8221;right&#8221; button_letter_spacing_hover=&#8221;0&#8243; button_text_color=&#8221;#ffffff&#8221; button_bg_color=&#8221;#009246&#8243; button_border_color=&#8221;#009246&#8243; title=&#8221;NENA\u0160LI JSTE PO\u017dADOVANOU NAB\u00cdDKU? P\u0158IPRAV\u00cdME V\u00c1M J\u00cd OBRATEM&#8221; title_font=&#8221;|on|||&#8221; title_text_color=&#8221;#009246&#8243; title_font_size=&#8221;21&#8243; saved_tabs=&#8221;all&#8221; global_module=&#8221;2249&#8243;] [et_pb_contact_field field_id=&#8221;volba&#8221; field_title=&#8221;We are interrested in&#8221; field_type=&#8221;checkbox&#8221; checkbox_checked=&#8221;off&#8221; checkbox_options=&#8221;%91{%22value%22:%22Individu\u00e1ln\u00ed pobyt u mo\u0159e%22,%22checked%22:0},{%22value%22:%22Ubytov\u00e1n\u00ed pro pozn\u00e1vac\u00ed z\u00e1jezdy%22,%22checked%22:0},{%22value%22:%22Speci\u00e1ln\u00ed skupinovou nab\u00eddku%22,%22checked%22:0},{%22value%22:%22Seniorsk\u00e9 pobyty%22,%22checked%22:0},{%22value%22:%22Individu\u00e1ln\u00ed tematick\u00fd pobyt%22,%22checked%22:0}%93&#8243; radio_options=&#8221;%91{%22value%22:%22%22,%22checked%22:0}%93&#8243; select_options=&#8221;%91{%22value%22:%22%22,%22checked%22:0}%93&#8243; min_length=&#8221;0&#8243; max_length=&#8221;0&#8243; allowed_symbols=&#8221;all&#8221; required_mark=&#8221;on&#8221; conditional_logic=&#8221;off&#8221; conditional_logic_relation=&#8221;off&#8221; conditional_logic_rules=&#8221;%91{%22field%22:%22name%22,%22condition%22:%22is%22,%22value%22:%22%22}%93&#8243; fullwidth_field=&#8221;on&#8221; form_field_font_select=&#8221;default&#8221; form_field_font=&#8221;||||&#8221; use_border_color=&#8221;off&#8221; border_style=&#8221;solid&#8221; \/][et_pb_contact_field field_title=&#8221;Jm\u00e9no a p\u0159\u00edjmen\u00ed&#8221; field_type=&#8221;input&#8221; field_id=&#8221;Name&#8221; required_mark=&#8221;on&#8221; fullwidth_field=&#8221;on&#8221; checkbox_checked=&#8221;off&#8221; checkbox_options=&#8221;%91{%22value%22:%22Jm\u00e9no%22,%22checked%22:0}%93&#8243; radio_options=&#8221;%91{%22value%22:%22Jm\u00e9no%22,%22checked%22:0}%93&#8243; select_options=&#8221;%91{%22value%22:%22Jm\u00e9no%22,%22checked%22:0}%93&#8243; min_length=&#8221;0&#8243; max_length=&#8221;0&#8243; allowed_symbols=&#8221;all&#8221; conditional_logic=&#8221;off&#8221; conditional_logic_relation=&#8221;off&#8221; conditional_logic_rules=&#8221;%91{%22field%22:%22email%22,%22condition%22:%22is%22,%22value%22:%22%22}%93&#8243; form_field_font_select=&#8221;default&#8221; form_field_font=&#8221;||||&#8221; use_border_color=&#8221;off&#8221; border_style=&#8221;solid&#8221; \/][et_pb_contact_field field_title=&#8221;N\u00e1zev CK\/CA&#8221; field_type=&#8221;input&#8221; field_id=&#8221;Company&#8221; required_mark=&#8221;on&#8221; fullwidth_field=&#8221;off&#8221; checkbox_checked=&#8221;off&#8221; checkbox_options=&#8221;%91{%22value%22:%22Jm\u00e9no%22,%22checked%22:0}%93&#8243; radio_options=&#8221;%91{%22value%22:%22Jm\u00e9no%22,%22checked%22:0}%93&#8243; select_options=&#8221;%91{%22value%22:%22Jm\u00e9no%22,%22checked%22:0}%93&#8243; min_length=&#8221;0&#8243; max_length=&#8221;0&#8243; allowed_symbols=&#8221;all&#8221; conditional_logic=&#8221;off&#8221; conditional_logic_relation=&#8221;off&#8221; conditional_logic_rules=&#8221;%91{%22field%22:%22email%22,%22condition%22:%22is%22,%22value%22:%22%22}%93&#8243; form_field_font_select=&#8221;default&#8221; form_field_font=&#8221;||||&#8221; use_border_color=&#8221;off&#8221; border_style=&#8221;solid&#8221; \/][et_pb_contact_field field_title=&#8221;E-mail pro komunikaci&#8221; field_type=&#8221;email&#8221; field_id=&#8221;Email&#8221; required_mark=&#8221;on&#8221; fullwidth_field=&#8221;off&#8221; checkbox_checked=&#8221;off&#8221; checkbox_options=&#8221;%91{%22value%22:%22E-mailov\u00e1 adresa%22,%22checked%22:0}%93&#8243; radio_options=&#8221;%91{%22value%22:%22E-mailov\u00e1 adresa%22,%22checked%22:0}%93&#8243; select_options=&#8221;%91{%22value%22:%22E-mailov\u00e1 adresa%22,%22checked%22:0}%93&#8243; min_length=&#8221;0&#8243; max_length=&#8221;0&#8243; allowed_symbols=&#8221;all&#8221; conditional_logic=&#8221;off&#8221; conditional_logic_relation=&#8221;off&#8221; conditional_logic_rules=&#8221;%91{%22field%22:%22name%22,%22condition%22:%22is%22,%22value%22:%22%22}%93&#8243; form_field_font_select=&#8221;default&#8221; form_field_font=&#8221;||||&#8221; use_border_color=&#8221;off&#8221; border_style=&#8221;solid&#8221; \/][et_pb_contact_field field_title=&#8221;Zpr\u00e1va&#8221; field_type=&#8221;text&#8221; field_id=&#8221;Message&#8221; required_mark=&#8221;off&#8221; fullwidth_field=&#8221;off&#8221; checkbox_checked=&#8221;off&#8221; checkbox_options=&#8221;%91{%22value%22:%22Zpr\u00e1va%22,%22checked%22:0}%93&#8243; radio_options=&#8221;%91{%22value%22:%22Zpr\u00e1va%22,%22checked%22:0}%93&#8243; select_options=&#8221;%91{%22value%22:%22Zpr\u00e1va%22,%22checked%22:0}%93&#8243; min_length=&#8221;0&#8243; max_length=&#8221;0&#8243; allowed_symbols=&#8221;all&#8221; conditional_logic=&#8221;off&#8221; conditional_logic_relation=&#8221;off&#8221; conditional_logic_rules=&#8221;%91{%22field%22:%22name%22,%22condition%22:%22is%22,%22value%22:%22%22}%93&#8243; form_field_font_select=&#8221;default&#8221; form_field_font=&#8221;||||&#8221; use_border_color=&#8221;off&#8221; border_style=&#8221;solid&#8221; \/][et_pb_contact_field field_id=&#8221;phone&#8221; field_title=&#8221;Telefon&#8221; field_type=&#8221;input&#8221; checkbox_checked=&#8221;off&#8221; checkbox_options=&#8221;%91{%22value%22:%22%22,%22checked%22:0}%93&#8243; radio_options=&#8221;%91{%22value%22:%22%22,%22checked%22:0}%93&#8243; select_options=&#8221;%91{%22value%22:%22%22,%22checked%22:0}%93&#8243; min_length=&#8221;0&#8243; max_length=&#8221;0&#8243; allowed_symbols=&#8221;all&#8221; required_mark=&#8221;on&#8221; conditional_logic=&#8221;off&#8221; conditional_logic_relation=&#8221;off&#8221; conditional_logic_rules=&#8221;%91{%22field%22:%22name%22,%22condition%22:%22is%22,%22value%22:%22%22}%93&#8243; fullwidth_field=&#8221;off&#8221; form_field_font_select=&#8221;default&#8221; form_field_font=&#8221;||||&#8221; use_border_color=&#8221;off&#8221; border_style=&#8221;solid&#8221; \/] [\/et_pb_contact_form][\/et_pb_column][\/et_pb_row][\/et_pb_section][et_pb_section bb_built=&#8221;1&#8243; fullwidth=&#8221;off&#8221; specialty=&#8221;off&#8221;][et_pb_row][et_pb_column type=&#8221;4_4&#8243;][et_pb_text _builder_version=&#8221;3.0.71&#8243; background_layout=&#8221;light&#8221; text_orientation=&#8221;justified&#8221; border_style=&#8221;solid&#8221;]<\/p>\n<p>The second largest Italian island, separated from the mainland by distance of less than 200 kilometers. Known especially for its beautiful beaches, which are considered to be the most beautiful in Italy at all and it is no wonder. Their diversity and colorfullness are truly breathtaking, perhaps because of the fact that Sardinia became a visited place for celebrities and VIPs who have chosen a place near Olbia called Costa Smeralda &#8211; the emerald coast. During the season, amazing ships and yachts from all over the world arrive, mostly to its\u00a0 famous town Porto Cervo that was built from the money of an Arab Sheikh by the Roman architect Michel Busirim Vici, who impressed the unforgettable arcade silhouette of a charming center with luxury shops and restaurants and also one of the most expensive hotels in the world, overlooking the entire resort from adjacent rocks. The island, thanks to its strategic location in the Mediterranean Sea, was constantly occuppied by the various nations which have left their heritage on it. Sardegna does not offer many monuments but plenty of interesting and mysterious sites that are the remains of the original settlements. Nuraghe &#8211; typical buildings that we find on the island and there are more than seven thousands,\u00a0 attract visitors from around the world. Exciting are also boat trips: nobody will miss a trip to Maddalena archipelago with clear cyan water or to the nearby island of Corsica. Attractive is also inland: the mountainous character of Barbagia, with its typical traditions and specialities. But on the island you can taste also\u00a0 the right local specialities: porcetto, pasta, sheep cheese, typical bread called Carasau and, of course, plenty of fish and seafood (excellent and famous lobster). But local desserts or fine wines such as white Vernaccia and red Cannonau are also worth to taste.<\/p>\n<p>More at <a href=\"https:\/\/www.sardegnaturismo.it\/.\">https:\/\/www.sardegnaturismo.it\/.<\/a><\/p>\n<p>[\/et_pb_text][\/et_pb_column][\/et_pb_row][\/et_pb_section]<\/p>","protected":false},"excerpt":{"rendered":"<p><div class=\"et_pb_row et_pb_row_0 et_pb_row_empty\">\n\t\t\t\t\n\t\t\t\t\n\t\t\t\t\n\t\t\t\t\n\t\t\t\t\n\t\t\t<\/div> <div class=\"et_pb_row et_pb_row_1 et_pb_row_empty\">\n\t\t\t\t\n\t\t\t\t\n\t\t\t\t\n\t\t\t\t\n\t\t\t\t\n\t\t\t<\/div> The second largest Italian island, separated from the mainland by distance of less than 200 kilometers. Known especially for its beautiful beaches, which are considered to be the most beautiful in Italy at all and it is no wonder. Their diversity and colorfullness are truly breathtaking, perhaps because of the fact that Sardinia [&hellip;]<\/p>\n","protected":false},"author":1,"featured_media":0,"parent":0,"menu_order":0,"comment_status":"closed","ping_status":"closed","template":"","meta":{"_et_pb_use_builder":"on","_et_pb_old_content":"","_et_gb_content_width":"","footnotes":""},"class_list":["post-681","page","type-page","status-publish","hentry"],"_links":{"self":[{"href":"https:\/\/www.italtourist.com\/en\/wp-json\/wp\/v2\/pages\/681","targetHints":{"allow":["GET"]}}],"collection":[{"href":"https:\/\/www.italtourist.com\/en\/wp-json\/wp\/v2\/pages"}],"about":[{"href":"https:\/\/www.italtourist.com\/en\/wp-json\/wp\/v2\/types\/page"}],"author":[{"embeddable":true,"href":"https:\/\/www.italtourist.com\/en\/wp-json\/wp\/v2\/users\/1"}],"replies":[{"embeddable":true,"href":"https:\/\/www.italtourist.com\/en\/wp-json\/wp\/v2\/comments?post=681"}],"version-history":[{"count":13,"href":"https:\/\/www.italtourist.com\/en\/wp-json\/wp\/v2\/pages\/681\/revisions"}],"predecessor-version":[{"id":10046,"href":"https:\/\/www.italtourist.com\/en\/wp-json\/wp\/v2\/pages\/681\/revisions\/10046"}],"wp:attachment":[{"href":"https:\/\/www.italtourist.com\/en\/wp-json\/wp\/v2\/media?parent=681"}],"curies":[{"name":"wp","href":"https:\/\/api.w.org\/{rel}","templated":true}]}}