{"id":644,"date":"2017-09-30T07:15:38","date_gmt":"2017-09-30T06:15:38","guid":{"rendered":"http:\/\/www.italtourist.com\/?page_id=644"},"modified":"2018-01-13T00:45:42","modified_gmt":"2018-01-12T23:45:42","slug":"calabria","status":"publish","type":"page","link":"https:\/\/www.italtourist.com\/en\/calabria\/","title":{"rendered":"Calabria"},"content":{"rendered":"<p>[et_pb_section bb_built=&#8221;1&#8243; fullwidth=&#8221;on&#8221; specialty=&#8221;off&#8221; _builder_version=&#8221;3.0.71&#8243;][et_pb_fullwidth_slider _builder_version=&#8221;3.0.71&#8243; show_arrows=&#8221;on&#8221; show_pagination=&#8221;on&#8221; parallax=&#8221;off&#8221; parallax_method=&#8221;off&#8221; remove_inner_shadow=&#8221;off&#8221; custom_button=&#8221;on&#8221; button_letter_spacing=&#8221;0&#8243; button_icon_placement=&#8221;right&#8221; button_letter_spacing_hover=&#8221;0&#8243; auto=&#8221;on&#8221; auto_ignore_hover=&#8221;on&#8221; hide_content_on_mobile=&#8221;off&#8221; hide_cta_on_mobile=&#8221;off&#8221; show_image_video_mobile=&#8221;off&#8221; auto_speed=&#8221;5000&#8243; custom_css_slide_arrows=&#8221;font-size: 90px;&#8221; button_text_color=&#8221;#ffffff&#8221; button_bg_color=&#8221;rgba(0,146,70,0.63)&#8221; button_border_color=&#8221;#009246&#8243; header_font=&#8221;Lato|on||on|&#8221; header_font_size=&#8221;75&#8243; button_text_size=&#8221;17&#8243; button_font=&#8221;|on||on|&#8221; button_use_icon=&#8221;on&#8221; button_icon=&#8221;%%22%%&#8221; button_on_hover=&#8221;off&#8221;] [et_pb_slide heading=&#8221;Calabria&#8221; background_color=&#8221;#ffffff&#8221; use_background_color_gradient=&#8221;off&#8221; background_color_gradient_start=&#8221;#2b87da&#8221; background_color_gradient_end=&#8221;#29c4a9&#8243; background_color_gradient_type=&#8221;linear&#8221; background_color_gradient_direction=&#8221;180deg&#8221; background_color_gradient_direction_radial=&#8221;center&#8221; background_color_gradient_start_position=&#8221;0%&#8221; background_color_gradient_end_position=&#8221;100%&#8221; background_image=&#8221;https:\/\/www.italtourist.com\/wp-content\/uploads\/2017\/09\/Calabria.jpg&#8221; parallax=&#8221;off&#8221; parallax_method=&#8221;off&#8221; background_position=&#8221;center&#8221; background_size=&#8221;cover&#8221; background_repeat=&#8221;no-repeat&#8221; background_blend=&#8221;normal&#8221; allow_player_pause=&#8221;off&#8221; use_bg_overlay=&#8221;off&#8221; use_text_overlay=&#8221;off&#8221; text_border_radius=&#8221;3&#8243; alignment=&#8221;center&#8221; background_layout=&#8221;dark&#8221; header_font_select=&#8221;default&#8221; header_font=&#8221;||||&#8221; body_font_select=&#8221;default&#8221; body_font=&#8221;||||&#8221; custom_button=&#8221;off&#8221; button_font_select=&#8221;default&#8221; button_font=&#8221;||||&#8221; button_use_icon=&#8221;default&#8221; button_icon_placement=&#8221;right&#8221; button_on_hover=&#8221;on&#8221; \/] [\/et_pb_fullwidth_slider][\/et_pb_section][et_pb_section bb_built=&#8221;1&#8243; fullwidth=&#8221;off&#8221; specialty=&#8221;off&#8221;][et_pb_row][et_pb_column type=&#8221;4_4&#8243;][et_pb_contact_form admin_label=&#8221;Contact Form EN&#8221; _builder_version=&#8221;3.0.71&#8243; success_message=&#8221;D\u011bkujeme. Budeme v\u00e1s kontaktovat.&#8221; submit_button_text=&#8221;Odeslat&#8221; email=&#8221;michaela@italtourist.com&#8221; custom_message=&#8221;Po\u017eadavek na registraci. Va\u0161e odpov\u011b\u010f bude odesl\u00e1na na email tazatele.||et_pb_line_break_holder||||et_pb_line_break_holder||Jm\u00e9no: %%Name%%||et_pb_line_break_holder||CK: %%Company%%||et_pb_line_break_holder||Telefon: %%phone%%||et_pb_line_break_holder||Email: %%Email%%||et_pb_line_break_holder||Zpr\u00e1va: %%Message%%&#8221; captcha=&#8221;on&#8221; use_redirect=&#8221;off&#8221; input_border_radius=&#8221;0&#8243; border_style=&#8221;solid&#8221; custom_button=&#8221;on&#8221; button_letter_spacing=&#8221;0&#8243; button_icon_placement=&#8221;right&#8221; button_letter_spacing_hover=&#8221;0&#8243; button_text_color=&#8221;#ffffff&#8221; button_bg_color=&#8221;#009246&#8243; button_border_color=&#8221;#009246&#8243; title=&#8221;NENA\u0160LI JSTE PO\u017dADOVANOU NAB\u00cdDKU? P\u0158IPRAV\u00cdME V\u00c1M J\u00cd OBRATEM&#8221; title_font=&#8221;|on|||&#8221; title_text_color=&#8221;#009246&#8243; title_font_size=&#8221;21&#8243; saved_tabs=&#8221;all&#8221; global_module=&#8221;2249&#8243;] [et_pb_contact_field field_id=&#8221;volba&#8221; field_title=&#8221;We are interrested in&#8221; field_type=&#8221;checkbox&#8221; checkbox_checked=&#8221;off&#8221; checkbox_options=&#8221;%91{%22value%22:%22Individu\u00e1ln\u00ed pobyt u mo\u0159e%22,%22checked%22:0},{%22value%22:%22Ubytov\u00e1n\u00ed pro pozn\u00e1vac\u00ed z\u00e1jezdy%22,%22checked%22:0},{%22value%22:%22Speci\u00e1ln\u00ed skupinovou nab\u00eddku%22,%22checked%22:0},{%22value%22:%22Seniorsk\u00e9 pobyty%22,%22checked%22:0},{%22value%22:%22Individu\u00e1ln\u00ed tematick\u00fd pobyt%22,%22checked%22:0}%93&#8243; radio_options=&#8221;%91{%22value%22:%22%22,%22checked%22:0}%93&#8243; select_options=&#8221;%91{%22value%22:%22%22,%22checked%22:0}%93&#8243; min_length=&#8221;0&#8243; max_length=&#8221;0&#8243; allowed_symbols=&#8221;all&#8221; required_mark=&#8221;on&#8221; conditional_logic=&#8221;off&#8221; conditional_logic_relation=&#8221;off&#8221; conditional_logic_rules=&#8221;%91{%22field%22:%22name%22,%22condition%22:%22is%22,%22value%22:%22%22}%93&#8243; fullwidth_field=&#8221;on&#8221; form_field_font_select=&#8221;default&#8221; form_field_font=&#8221;||||&#8221; use_border_color=&#8221;off&#8221; border_style=&#8221;solid&#8221; \/][et_pb_contact_field field_title=&#8221;Jm\u00e9no a p\u0159\u00edjmen\u00ed&#8221; field_type=&#8221;input&#8221; field_id=&#8221;Name&#8221; required_mark=&#8221;on&#8221; fullwidth_field=&#8221;on&#8221; checkbox_checked=&#8221;off&#8221; checkbox_options=&#8221;%91{%22value%22:%22Jm\u00e9no%22,%22checked%22:0}%93&#8243; radio_options=&#8221;%91{%22value%22:%22Jm\u00e9no%22,%22checked%22:0}%93&#8243; select_options=&#8221;%91{%22value%22:%22Jm\u00e9no%22,%22checked%22:0}%93&#8243; min_length=&#8221;0&#8243; max_length=&#8221;0&#8243; allowed_symbols=&#8221;all&#8221; conditional_logic=&#8221;off&#8221; conditional_logic_relation=&#8221;off&#8221; conditional_logic_rules=&#8221;%91{%22field%22:%22email%22,%22condition%22:%22is%22,%22value%22:%22%22}%93&#8243; form_field_font_select=&#8221;default&#8221; form_field_font=&#8221;||||&#8221; use_border_color=&#8221;off&#8221; border_style=&#8221;solid&#8221; \/][et_pb_contact_field field_title=&#8221;N\u00e1zev CK\/CA&#8221; field_type=&#8221;input&#8221; field_id=&#8221;Company&#8221; required_mark=&#8221;on&#8221; fullwidth_field=&#8221;off&#8221; checkbox_checked=&#8221;off&#8221; checkbox_options=&#8221;%91{%22value%22:%22Jm\u00e9no%22,%22checked%22:0}%93&#8243; radio_options=&#8221;%91{%22value%22:%22Jm\u00e9no%22,%22checked%22:0}%93&#8243; select_options=&#8221;%91{%22value%22:%22Jm\u00e9no%22,%22checked%22:0}%93&#8243; min_length=&#8221;0&#8243; max_length=&#8221;0&#8243; allowed_symbols=&#8221;all&#8221; conditional_logic=&#8221;off&#8221; conditional_logic_relation=&#8221;off&#8221; conditional_logic_rules=&#8221;%91{%22field%22:%22email%22,%22condition%22:%22is%22,%22value%22:%22%22}%93&#8243; form_field_font_select=&#8221;default&#8221; form_field_font=&#8221;||||&#8221; use_border_color=&#8221;off&#8221; border_style=&#8221;solid&#8221; \/][et_pb_contact_field field_title=&#8221;E-mail pro komunikaci&#8221; field_type=&#8221;email&#8221; field_id=&#8221;Email&#8221; required_mark=&#8221;on&#8221; fullwidth_field=&#8221;off&#8221; checkbox_checked=&#8221;off&#8221; checkbox_options=&#8221;%91{%22value%22:%22E-mailov\u00e1 adresa%22,%22checked%22:0}%93&#8243; radio_options=&#8221;%91{%22value%22:%22E-mailov\u00e1 adresa%22,%22checked%22:0}%93&#8243; select_options=&#8221;%91{%22value%22:%22E-mailov\u00e1 adresa%22,%22checked%22:0}%93&#8243; min_length=&#8221;0&#8243; max_length=&#8221;0&#8243; allowed_symbols=&#8221;all&#8221; conditional_logic=&#8221;off&#8221; conditional_logic_relation=&#8221;off&#8221; conditional_logic_rules=&#8221;%91{%22field%22:%22name%22,%22condition%22:%22is%22,%22value%22:%22%22}%93&#8243; form_field_font_select=&#8221;default&#8221; form_field_font=&#8221;||||&#8221; use_border_color=&#8221;off&#8221; border_style=&#8221;solid&#8221; \/][et_pb_contact_field field_title=&#8221;Zpr\u00e1va&#8221; field_type=&#8221;text&#8221; field_id=&#8221;Message&#8221; required_mark=&#8221;off&#8221; fullwidth_field=&#8221;off&#8221; checkbox_checked=&#8221;off&#8221; checkbox_options=&#8221;%91{%22value%22:%22Zpr\u00e1va%22,%22checked%22:0}%93&#8243; radio_options=&#8221;%91{%22value%22:%22Zpr\u00e1va%22,%22checked%22:0}%93&#8243; select_options=&#8221;%91{%22value%22:%22Zpr\u00e1va%22,%22checked%22:0}%93&#8243; min_length=&#8221;0&#8243; max_length=&#8221;0&#8243; allowed_symbols=&#8221;all&#8221; conditional_logic=&#8221;off&#8221; conditional_logic_relation=&#8221;off&#8221; conditional_logic_rules=&#8221;%91{%22field%22:%22name%22,%22condition%22:%22is%22,%22value%22:%22%22}%93&#8243; form_field_font_select=&#8221;default&#8221; form_field_font=&#8221;||||&#8221; use_border_color=&#8221;off&#8221; border_style=&#8221;solid&#8221; \/][et_pb_contact_field field_id=&#8221;phone&#8221; field_title=&#8221;Telefon&#8221; field_type=&#8221;input&#8221; checkbox_checked=&#8221;off&#8221; checkbox_options=&#8221;%91{%22value%22:%22%22,%22checked%22:0}%93&#8243; radio_options=&#8221;%91{%22value%22:%22%22,%22checked%22:0}%93&#8243; select_options=&#8221;%91{%22value%22:%22%22,%22checked%22:0}%93&#8243; min_length=&#8221;0&#8243; max_length=&#8221;0&#8243; allowed_symbols=&#8221;all&#8221; required_mark=&#8221;on&#8221; conditional_logic=&#8221;off&#8221; conditional_logic_relation=&#8221;off&#8221; conditional_logic_rules=&#8221;%91{%22field%22:%22name%22,%22condition%22:%22is%22,%22value%22:%22%22}%93&#8243; fullwidth_field=&#8221;off&#8221; form_field_font_select=&#8221;default&#8221; form_field_font=&#8221;||||&#8221; use_border_color=&#8221;off&#8221; border_style=&#8221;solid&#8221; \/] [\/et_pb_contact_form][et_pb_text _builder_version=&#8221;3.0.71&#8243; background_layout=&#8221;light&#8221; text_orientation=&#8221;justified&#8221; border_style=&#8221;solid&#8221; custom_margin=&#8221;0px|||&#8221; custom_padding=&#8221;10px|||&#8221;]<\/p>\n<p>Although at times of Magna Grecia one of\u00a0 the most important Italian place where Pythagoras (Crotone) stayed &#8211;\u00a0 among others &#8211;\u00a0 today a region with beautiful nature, mountain massifs and virgin beaches still without any major infrastructure. Calabria will enchant you with its kindness, courtesy and lots of home-made dishes, often very spicy: n&#8217;duja (pork and chilli pepper), chilli peppers\u00a0 prepared in a plenty of ways, olive oil, bergamot and cedar citruses, excellent prepared swordfish, tartuffo di Pizzo (typical ice cream filled with truffles), white wine Ciro, this is just a part of the products that are worth to tasting. There are two coasts &#8211; Ionian with wide beaches that will never be overcrowded by tourists &#8211;\u00a0 and Tyrrhenian &#8211; with white, romantic beaches lined with rocks.. When visiting, do not miss the so-called Calabria pearl &#8211; the town of Tropea or the nearby Eolie Islands.<\/p>\n<p>More at <a href=\"http:\/\/www.turiscalabria.it\/website\/.\">http:\/\/www.turiscalabria.it\/website\/.<\/a><\/p>\n<p>[\/et_pb_text][\/et_pb_column][\/et_pb_row][\/et_pb_section]<\/p>","protected":false},"excerpt":{"rendered":"<p><div class=\"et_pb_row et_pb_row_0 et_pb_row_empty\">\n\t\t\t\t\n\t\t\t\t\n\t\t\t\t\n\t\t\t\t\n\t\t\t\t\n\t\t\t<\/div> Although at times of Magna Grecia one of\u00a0 the most important Italian place where Pythagoras (Crotone) stayed &#8211;\u00a0 among others &#8211;\u00a0 today a region with beautiful nature, mountain massifs and virgin beaches still without any major infrastructure. Calabria will enchant you with its kindness, courtesy and lots of home-made dishes, often very spicy: n&#8217;duja [&hellip;]<\/p>\n","protected":false},"author":1,"featured_media":0,"parent":0,"menu_order":0,"comment_status":"closed","ping_status":"closed","template":"","meta":{"_et_pb_use_builder":"on","_et_pb_old_content":"","_et_gb_content_width":"","footnotes":""},"class_list":["post-644","page","type-page","status-publish","hentry"],"_links":{"self":[{"href":"https:\/\/www.italtourist.com\/en\/wp-json\/wp\/v2\/pages\/644","targetHints":{"allow":["GET"]}}],"collection":[{"href":"https:\/\/www.italtourist.com\/en\/wp-json\/wp\/v2\/pages"}],"about":[{"href":"https:\/\/www.italtourist.com\/en\/wp-json\/wp\/v2\/types\/page"}],"author":[{"embeddable":true,"href":"https:\/\/www.italtourist.com\/en\/wp-json\/wp\/v2\/users\/1"}],"replies":[{"embeddable":true,"href":"https:\/\/www.italtourist.com\/en\/wp-json\/wp\/v2\/comments?post=644"}],"version-history":[{"count":16,"href":"https:\/\/www.italtourist.com\/en\/wp-json\/wp\/v2\/pages\/644\/revisions"}],"predecessor-version":[{"id":4979,"href":"https:\/\/www.italtourist.com\/en\/wp-json\/wp\/v2\/pages\/644\/revisions\/4979"}],"wp:attachment":[{"href":"https:\/\/www.italtourist.com\/en\/wp-json\/wp\/v2\/media?parent=644"}],"curies":[{"name":"wp","href":"https:\/\/api.w.org\/{rel}","templated":true}]}}