{"id":12395,"date":"2022-01-03T19:19:47","date_gmt":"2022-01-03T18:19:47","guid":{"rendered":"https:\/\/www.italtourist.com\/?page_id=12395"},"modified":"2022-01-05T20:29:48","modified_gmt":"2022-01-05T19:29:48","slug":"pravidla-pouzivani-cookies","status":"publish","type":"page","link":"https:\/\/www.italtourist.com\/en\/pravidla-pouzivani-cookies\/","title":{"rendered":"(\u010cesky) Pravidla pou\u017e\u00edv\u00e1n\u00ed cookies"},"content":{"rendered":"<p class=\"qtranxs-available-languages-message qtranxs-available-languages-message-en\">Sorry, this entry is only available in <a href=\"https:\/\/www.italtourist.com\/cs\/wp-json\/wp\/v2\/pages\/12395\" class=\"qtranxs-available-language-link qtranxs-available-language-link-cs\" title=\"\u010cesky\">\u010cesky<\/a>.<\/p>","protected":false},"excerpt":{"rendered":"<p>Sorry, this entry is only available in \u010cesky.<\/p>\n","protected":false},"author":1,"featured_media":0,"parent":0,"menu_order":0,"comment_status":"closed","ping_status":"closed","template":"","meta":{"_et_pb_use_builder":"","_et_pb_old_content":"","_et_gb_content_width":"","footnotes":""},"class_list":["post-12395","page","type-page","status-publish","hentry"],"_links":{"self":[{"href":"https:\/\/www.italtourist.com\/en\/wp-json\/wp\/v2\/pages\/12395","targetHints":{"allow":["GET"]}}],"collection":[{"href":"https:\/\/www.italtourist.com\/en\/wp-json\/wp\/v2\/pages"}],"about":[{"href":"https:\/\/www.italtourist.com\/en\/wp-json\/wp\/v2\/types\/page"}],"author":[{"embeddable":true,"href":"https:\/\/www.italtourist.com\/en\/wp-json\/wp\/v2\/users\/1"}],"replies":[{"embeddable":true,"href":"https:\/\/www.italtourist.com\/en\/wp-json\/wp\/v2\/comments?post=12395"}],"version-history":[{"count":2,"href":"https:\/\/www.italtourist.com\/en\/wp-json\/wp\/v2\/pages\/12395\/revisions"}],"predecessor-version":[{"id":12431,"href":"https:\/\/www.italtourist.com\/en\/wp-json\/wp\/v2\/pages\/12395\/revisions\/12431"}],"wp:attachment":[{"href":"https:\/\/www.italtourist.com\/en\/wp-json\/wp\/v2\/media?parent=12395"}],"curies":[{"name":"wp","href":"https:\/\/api.w.org\/{rel}","templated":true}]}}